{"id":362,"date":"2014-11-25T00:07:22","date_gmt":"2014-11-24T22:07:22","guid":{"rendered":"http:\/\/vetpunta.com\/blog\/inicio-2\/"},"modified":"2017-12-16T11:16:05","modified_gmt":"2017-12-16T09:16:05","slug":"politica-privacidad","status":"publish","type":"page","link":"https:\/\/vetpunta.com\/blog\/politica-privacidad\/","title":{"rendered":"Pol\u00edtica de Privacidad"},"content":{"rendered":"<div id=\"pbuilder_wrapper\">\n<div id=\"pbuilder_content_wrapper\">\n<div id=\"pbuilder_content\">\n<div data-rowtype=\"0\" data-rowid=\"0\" style=\"\" class=\"pbuilder_row pbuilder_row_id_0\">\n<div  class=\"pbuilder_row_colwrapper\" style=\"padding:0px 0px 0px 0px;\" >\n<div data-colnumber=\"0\" class=\"pbuilder_column pbuilder_column-1-1\">\n<div class=\"pbuilder_column_background\" style=\" background-color: ; \"><\/div>\n<div style=\"\" class=\" pbuilder_column_inner pbuilder_droppable\" >\n<div class=\"pbuilder_module\" data-shortcode=\"text\" data-modid=\"1\">\n<style type=\"text\/css\" scoped=\"scoped\">\n    #frb_text_387788953, #frb_text_387788953 *{letter-spacing:0px;}\n    #frb_text_387788953 a{color: #444444;}\n    #frb_text_387788953 a:hover{color: #444444;}<\/style>\n<style type=\"text\/css\" scoped=\"scoped\">#frb_text_387788953.frb_onScreen.frb_animated {-webkit-animation-duration: 1000ms; animation-duration: 1000ms;}#frb_text_387788953.frb_onScreen.frb_hinge {-webkit-animation-duration: 2000ms; animation-duration: 2000ms;}<\/style>\n<div id=\"frb_text_387788953\" class=\"\" style=\"margin:0px 0px 36px 0px;padding:0px 0px 0px 0px;border:none;text-align:left;\">\n<div class=\"frb_text\" style=\"color:#444444;\">\n<h1 style=\"text-align: center;\"><span style=\"color: #ff0000;\">Pol\u00edtica de Privacidad<\/span><\/h1>\n<\/div>\n<\/div>\n<\/div>\n<\/div>\n<\/div>\n<div style=\"clear:both;\"><\/div>\n<\/div>\n<\/div>\n<style><\/style>\n<div data-rowtype=\"0\" data-rowid=\"1\" style=\"\" class=\"pbuilder_row pbuilder_row_id_1\">\n<div  class=\"pbuilder_row_colwrapper\" style=\"padding:0px 0px 0px 0px;\" >\n<div data-colnumber=\"0\" class=\"pbuilder_column pbuilder_column-1-1\">\n<div class=\"pbuilder_column_background\" style=\" background-color: ; \"><\/div>\n<div style=\"\" class=\" pbuilder_column_inner pbuilder_droppable\" >\n<div class=\"pbuilder_module\" data-shortcode=\"text\" data-modid=\"2\">\n<style type=\"text\/css\" scoped=\"scoped\">\n    #frb_text_755392409, #frb_text_755392409 *{letter-spacing:0px;}\n    #frb_text_755392409 a{color: #444444;}\n    #frb_text_755392409 a:hover{color: #444444;}<\/style>\n<style type=\"text\/css\" scoped=\"scoped\">#frb_text_755392409.frb_onScreen.frb_animated {-webkit-animation-duration: 1000ms; animation-duration: 1000ms;}#frb_text_755392409.frb_onScreen.frb_hinge {-webkit-animation-duration: 2000ms; animation-duration: 2000ms;}<\/style>\n<div id=\"frb_text_755392409\" class=\"\" style=\"margin:0px 0px 36px 0px;padding:0px 0px 0px 0px;border:none;text-align:left;\">\n<div class=\"frb_text\" style=\"color:#444444;\">\n<div id=\"ib2_el_6ATIENSQ\" class=\"container ib2-section-el\" data-el=\"section\" data-border-type=\"single\" data-animation=\"none\" data-delay=\"none\" data-img-mode=\"upload\">\n<div class=\"el-content el-cols\">\n<div id=\"ib2_el_6ATIENSQ-box\" class=\"ib2-section-content\">\n<div id=\"ib2_el_zGXhT8BS\" class=\"ib2-content-el ib2-text-el\" spellcheck=\"false\" data-animation=\"none\" data-shadow=\"none\" data-el=\"text\">\n<p style=\"text-align: left;\">Pol\u00edtica de privacidad<\/p>\n<p style=\"text-align: left;\">Esta pol\u00edtica de privacidad establece c\u00f3mo vetpunta.com utiliza y protege cualquier informaci\u00f3n que otorgas a vetpunta.com cuando usas este sitio web.<\/p>\n<p>Vetpunta.com se compromete a garantizar la protecci\u00f3n de tu privacidad. Si le pedimos que proporcione cierta informaci\u00f3n mediante la cual puede ser identificado al utilizar este sitio web, puede estar seguro de que s\u00f3lo se utilizar\u00e1 de acuerdo con esta declaraci\u00f3n de privacidad.<\/p>\n<p>Vetpunta.com puede cambiar esta pol\u00edtica de vez en cuando actualizando esta p\u00e1gina. Debe consultar esta p\u00e1gina de vez en cuando para asegurarse de que est\u00e1 satisfecho con los cambios.<\/p>\n<p>Lo que recogemos<\/p>\n<p>Podemos recopilar la siguiente informaci\u00f3n:<\/p>\n<p>nombre y cargo<br \/>informaci\u00f3n de contacto incluyendo direcci\u00f3n de correo electr\u00f3nico<br \/>informaci\u00f3n demogr\u00e1fica como c\u00f3digo postal, preferencias e intereses<br \/>otra informaci\u00f3n relevante para encuestas de clientes y \/ o ofertas<br \/>Qu\u00e9 hacemos con la informaci\u00f3n que recopilamos<\/p>\n<p>Requerimos esta informaci\u00f3n para entender sus necesidades y brindarle un mejor servicio, y en particular por las siguientes razones:<\/p>\n<p>Mantenimiento de registros internos.<br \/>Podemos utilizar la informaci\u00f3n para mejorar nuestros productos y servicios.<br \/>Podemos enviar peri\u00f3dicamente correos electr\u00f3nicos promocionales sobre nuevos productos, ofertas especiales u otra informaci\u00f3n que creemos que puede resultar interesante utilizando la direcci\u00f3n de correo electr\u00f3nico que ha proporcionado.<br \/>De vez en cuando, tambi\u00e9n podemos usar su informaci\u00f3n para contactarlo con fines de investigaci\u00f3n de mercado. Podemos comunicarnos con usted por correo electr\u00f3nico, tel\u00e9fono, fax o correo. Podemos utilizar la informaci\u00f3n para personalizar el sitio web seg\u00fan sus intereses.<br \/>Seguridad<\/p>\n<p>Estamos comprometidos a garantizar que su informaci\u00f3n sea segura. Con el fin de evitar el acceso no autorizado o la divulgaci\u00f3n, hemos puesto en marcha adecuados procedimientos f\u00edsicos, electr\u00f3nicos y de gesti\u00f3n para salvaguardar y asegurar la informaci\u00f3n que recopilamos en l\u00ednea.<\/p>\n<p>C\u00f3mo utilizamos cookies<\/p>\n<p>Una cookie es un peque\u00f1o archivo que pide permiso para ser colocado en el disco duro de su computadora. Una vez que est\u00e9 de acuerdo, el archivo se agrega y la cookie ayuda a analizar el tr\u00e1fico web o le permite saber cu\u00e1ndo visita un sitio en particular. Las cookies permiten que las aplicaciones web respondan a usted como un individuo. La aplicaci\u00f3n web puede adaptar sus operaciones a sus necesidades, gustos y disgustos recopilando y recordando informaci\u00f3n sobre sus preferencias.<\/p>\n<p>Utilizamos cookies de registro de tr\u00e1fico para identificar qu\u00e9 p\u00e1ginas se est\u00e1n utilizando. Esto nos ayuda a analizar datos sobre tr\u00e1fico de p\u00e1ginas web y mejorar nuestro sitio web para adaptarlo a las necesidades del cliente. S\u00f3lo utilizamos esta informaci\u00f3n para prop\u00f3sitos de an\u00e1lisis estad\u00edstico y luego los datos se eliminan del sistema.<\/p>\n<p>En general, las cookies nos ayudan a ofrecerle un sitio web mejor, al permitirnos supervisar qu\u00e9 p\u00e1ginas le resultan \u00fatiles y cu\u00e1les no. Una cookie de ninguna manera nos da acceso a su computadora o cualquier informaci\u00f3n sobre usted, aparte de los datos que usted elija para compartir con nosotros.<\/p>\n<p>Puede elegir aceptar o rechazar las cookies. La mayor\u00eda de los navegadores aceptan autom\u00e1ticamente las cookies, pero normalmente puede modificar la configuraci\u00f3n del navegador para rechazar las cookies si lo prefiere. Esto puede impedirle aprovechar al m\u00e1ximo el sitio web.<\/p>\n<p>Enlaces a otros sitios web<\/p>\n<p>Nuestro sitio web puede contener enlaces a otros sitios web de inter\u00e9s. Sin embargo, una vez que usted ha utilizado estos acoplamientos para salir de nuestro sitio, usted debe notar que no tenemos ning\u00fan control sobre ese otro Web site. Por lo tanto, no podemos ser responsables de la protecci\u00f3n y privacidad de cualquier informaci\u00f3n que usted proporcione al visitar dichos sitios y dichos sitios no se rigen por esta declaraci\u00f3n de privacidad. Debe tener cuidado y ver la declaraci\u00f3n de privacidad aplicable al sitio web en cuesti\u00f3n.<\/p>\n<p>Control de su informaci\u00f3n personal<\/p>\n<p>Usted puede optar por restringir la recopilaci\u00f3n o el uso de su informaci\u00f3n personal de las siguientes maneras:<\/p>\n<p>siempre que se le solicite que rellene un formulario en el sitio web, busque la casilla en la que puede hacer clic para indicar que no desea que la informaci\u00f3n sea utilizada por nadie para fines de marketing directo<br \/>si usted ha acordado previamente con nosotros su informaci\u00f3n personal para prop\u00f3sitos de marketing directo, puede cambiar de opini\u00f3n en cualquier momento escribiendo o envi\u00e1ndonos un correo electr\u00f3nico a fandres@vetpunta.com<br \/>No venderemos, distribuiremos o alquilaremos su informaci\u00f3n personal a terceros a menos que tengamos su permiso o que la ley lo exija. Podemos utilizar su informaci\u00f3n personal para enviarle informaci\u00f3n promocional sobre terceros que creemos que puede resultar interesante si usted nos dice que desea que esto suceda.<\/p>\n<p>Usted puede solicitar detalles de la informaci\u00f3n personal que tenemos sobre usted bajo la Ley de Protecci\u00f3n de Datos . Una peque\u00f1a cuota ser\u00e1 pagadera. Si desea recibir una copia de la informaci\u00f3n de que dispone, favor de escribir a Bulevard del Agua, 19; 21100 Punta Umbria; Huelva; Espa\u00f1a.<\/p>\n<p>Si usted cree que cualquier informaci\u00f3n que tenemos sobre usted es incorrecta o incompleta, por favor escr\u00edbanos o env\u00edenos un correo electr\u00f3nico lo antes posible, a la direcci\u00f3n arriba mencionada. Corregiremos inmediatamente cualquier informaci\u00f3n que se encuentre incorrecta.<\/p>\n<\/div>\n<\/div>\n<\/div>\n<\/div>\n<div id=\"ib2_el_imBxUpfF\" class=\"container ib2-section-el\" data-el=\"section\" data-border-type=\"single\" data-animation=\"none\" data-delay=\"none\" data-img-mode=\"upload\">\n<div class=\"el-content el-cols\">\n<div id=\"ib2_el_imBxUpfF-box\" class=\"ib2-section-content\">\n<div id=\"ib2_el_9mr1lwun\" class=\"ib2-content-el ib2-text-el\" spellcheck=\"false\" data-animation=\"none\" data-shadow=\"none\" data-el=\"text\">\n<p style=\"text-align: center;\">\u00a0<\/p>\n<\/div>\n<\/div>\n<\/div>\n<\/div>\n<\/div>\n<\/div>\n<\/div>\n<\/div>\n<\/div>\n<div style=\"clear:both;\"><\/div>\n<\/div>\n<\/div>\n<style><\/style>\n<div data-rowtype=\"0\" data-rowid=\"3\" style=\"border:none;\" class=\"pbuilder_row pbuilder_row_id_3\">\n<div  class=\"pbuilder_row_colwrapper\" style=\"padding:0px 0px 0px 0px;\" >\n<div data-colnumber=\"0\" class=\"pbuilder_column pbuilder_column-1-1\">\n<div class=\"pbuilder_column_background\" style=\"border:none; background-color: ; \"><\/div>\n<div style=\"padding:0px 0px 0px 0px;\" class=\" pbuilder_column_inner pbuilder_droppable\" >\n<div class=\"pbuilder_module\" data-shortcode=\"text\" data-modid=\"4\">\n<style type=\"text\/css\" scoped=\"scoped\">\n    #frb_text_1477990230, #frb_text_1477990230 *{letter-spacing:0px;}\n    #frb_text_1477990230 a{color: #000000;}\n    #frb_text_1477990230 a:hover{color: #444444;}<\/style>\n<style type=\"text\/css\" scoped=\"scoped\">#frb_text_1477990230.frb_onScreen.frb_animated {-webkit-animation-duration: 1000ms; animation-duration: 1000ms;}#frb_text_1477990230.frb_onScreen.frb_hinge {-webkit-animation-duration: 2000ms; animation-duration: 2000ms;}<\/style>\n<div id=\"frb_text_1477990230\" class=\"\" style=\"margin:0px 0px 36px 0px;padding:0px 0px 0px 0px;border:none;text-align:center;\">\n<div class=\"frb_text\" style=\"color:#000000;\">Copyright 2017 \u00a9 Vetpunta.com All Rights Reserved. <span style=\"color: #3366ff;\"><a style=\"color: #3366ff;\" href=\"http:\/\/vetpunta.com\/blog\/politica-privacidad\">Pol\u00edtica de Privacidad<\/a>. <a style=\"color: #3366ff;\" href=\"http:\/\/vetpunta.com\/blog\/renuncia\">Renuncia<\/a>. <a style=\"color: #3366ff;\" href=\"http:\/\/vetpunta.com\/blog\/teminos-de-servicio\">T\u00e9rminos de servicio<\/a><\/span><\/div>\n<\/div>\n<\/div>\n<\/div>\n<\/div>\n<div style=\"clear:both;\"><\/div>\n<\/div>\n<\/div>\n<style><\/style>\n<\/p><\/div>\n<div style=\"clear:both\"><\/div>\n<\/p><\/div>\n<div style=\"clear:both\"><\/div>\n<\/p><\/div>\n","protected":false},"excerpt":{"rendered":"<p>Pol\u00edtica de Privacidad Pol\u00edtica de privacidad Esta pol\u00edtica de privacidad establece c\u00f3mo vetpunta.com utiliza y protege cualquier informaci\u00f3n que otorgas a vetpunta.com cuando usas este sitio web. Vetpunta.com se compromete a garantizar la protecci\u00f3n de tu privacidad. Si le pedimos que proporcione cierta informaci\u00f3n mediante la cual puede ser identificado al utilizar este sitio web, &hellip; <\/p>\n<p class=\"link-more\"><a href=\"https:\/\/vetpunta.com\/blog\/politica-privacidad\/\" class=\"more-link\">Continuar leyendo<span class=\"screen-reader-text\"> \u00abPol\u00edtica de Privacidad\u00bb<\/span><\/a><\/p>\n","protected":false},"author":1,"featured_media":0,"parent":0,"menu_order":0,"comment_status":"open","ping_status":"open","template":"","meta":{"footnotes":""},"class_list":["post-362","page","type-page","status-publish","hentry"],"yoast_head":"<!-- This site is optimized with the Yoast SEO plugin v24.7 - https:\/\/yoast.com\/wordpress\/plugins\/seo\/ -->\n<title>Pol\u00edtica de Privacidad - Nexo Centros Veterinarios Huelva<\/title>\n<meta name=\"robots\" content=\"index, follow, max-snippet:-1, max-image-preview:large, max-video-preview:-1\" \/>\n<link rel=\"canonical\" href=\"https:\/\/vetpunta.com\/blog\/politica-privacidad\/\" \/>\n<meta property=\"og:locale\" content=\"es_ES\" \/>\n<meta property=\"og:type\" content=\"article\" \/>\n<meta property=\"og:title\" content=\"Pol\u00edtica de Privacidad - Nexo Centros Veterinarios Huelva\" \/>\n<meta property=\"og:description\" content=\"Pol\u00edtica de Privacidad Pol\u00edtica de privacidad Esta pol\u00edtica de privacidad establece c\u00f3mo vetpunta.com utiliza y protege cualquier informaci\u00f3n que otorgas a vetpunta.com cuando usas este sitio web. Vetpunta.com se compromete a garantizar la protecci\u00f3n de tu privacidad. Si le pedimos que proporcione cierta informaci\u00f3n mediante la cual puede ser identificado al utilizar este sitio web, &hellip; Continuar leyendo &quot;Pol\u00edtica de Privacidad&quot;\" \/>\n<meta property=\"og:url\" content=\"https:\/\/vetpunta.com\/blog\/politica-privacidad\/\" \/>\n<meta property=\"og:site_name\" content=\"Nexo Centros Veterinarios Huelva\" \/>\n<meta property=\"article:publisher\" content=\"https:\/\/www.facebook.com\/nexopunta\/\" \/>\n<meta property=\"article:modified_time\" content=\"2017-12-16T09:16:05+00:00\" \/>\n<meta name=\"twitter:card\" content=\"summary_large_image\" \/>\n<meta name=\"twitter:site\" content=\"@NexoPunta\" \/>\n<meta name=\"twitter:label1\" content=\"Tiempo de lectura\" \/>\n\t<meta name=\"twitter:data1\" content=\"5 minutos\" \/>\n<script type=\"application\/ld+json\" class=\"yoast-schema-graph\">{\"@context\":\"https:\/\/schema.org\",\"@graph\":[{\"@type\":\"WebPage\",\"@id\":\"https:\/\/vetpunta.com\/blog\/politica-privacidad\/\",\"url\":\"https:\/\/vetpunta.com\/blog\/politica-privacidad\/\",\"name\":\"Pol\u00edtica de Privacidad - Nexo Centros Veterinarios Huelva\",\"isPartOf\":{\"@id\":\"https:\/\/vetpunta.com\/blog\/#website\"},\"datePublished\":\"2014-11-24T22:07:22+00:00\",\"dateModified\":\"2017-12-16T09:16:05+00:00\",\"breadcrumb\":{\"@id\":\"https:\/\/vetpunta.com\/blog\/politica-privacidad\/#breadcrumb\"},\"inLanguage\":\"es\",\"potentialAction\":[{\"@type\":\"ReadAction\",\"target\":[\"https:\/\/vetpunta.com\/blog\/politica-privacidad\/\"]}]},{\"@type\":\"BreadcrumbList\",\"@id\":\"https:\/\/vetpunta.com\/blog\/politica-privacidad\/#breadcrumb\",\"itemListElement\":[{\"@type\":\"ListItem\",\"position\":1,\"name\":\"Portada\",\"item\":\"https:\/\/vetpunta.com\/blog\/\"},{\"@type\":\"ListItem\",\"position\":2,\"name\":\"Pol\u00edtica de Privacidad\"}]},{\"@type\":\"WebSite\",\"@id\":\"https:\/\/vetpunta.com\/blog\/#website\",\"url\":\"https:\/\/vetpunta.com\/blog\/\",\"name\":\"Nexo Centros Veterinarios Huelva\",\"description\":\"Nexo Punta\/Nexo Huelva\",\"publisher\":{\"@id\":\"https:\/\/vetpunta.com\/blog\/#organization\"},\"potentialAction\":[{\"@type\":\"SearchAction\",\"target\":{\"@type\":\"EntryPoint\",\"urlTemplate\":\"https:\/\/vetpunta.com\/blog\/?s={search_term_string}\"},\"query-input\":{\"@type\":\"PropertyValueSpecification\",\"valueRequired\":true,\"valueName\":\"search_term_string\"}}],\"inLanguage\":\"es\"},{\"@type\":\"Organization\",\"@id\":\"https:\/\/vetpunta.com\/blog\/#organization\",\"name\":\"vethome,s.l.\",\"url\":\"https:\/\/vetpunta.com\/blog\/\",\"logo\":{\"@type\":\"ImageObject\",\"inLanguage\":\"es\",\"@id\":\"https:\/\/vetpunta.com\/blog\/#\/schema\/logo\/image\/\",\"url\":\"https:\/\/vetpunta.com\/blog\/wp-content\/uploads\/2015\/08\/LOGO-PUNTA-10741.png\",\"contentUrl\":\"https:\/\/vetpunta.com\/blog\/wp-content\/uploads\/2015\/08\/LOGO-PUNTA-10741.png\",\"width\":1074,\"height\":167,\"caption\":\"vethome,s.l.\"},\"image\":{\"@id\":\"https:\/\/vetpunta.com\/blog\/#\/schema\/logo\/image\/\"},\"sameAs\":[\"https:\/\/www.facebook.com\/nexopunta\/\",\"https:\/\/x.com\/NexoPunta\",\"https:\/\/www.linkedin.com\/in\/fausto-andres-funez\/\",\"https:\/\/www.pinterest.es\/nexohuelva\/\",\"https:\/\/www.youtube.com\/channel\/UCXs2Cr0pFHwb-fUKxvOtsug\"]}]}<\/script>\n<!-- \/ Yoast SEO plugin. -->","yoast_head_json":{"title":"Pol\u00edtica de Privacidad - Nexo Centros Veterinarios Huelva","robots":{"index":"index","follow":"follow","max-snippet":"max-snippet:-1","max-image-preview":"max-image-preview:large","max-video-preview":"max-video-preview:-1"},"canonical":"https:\/\/vetpunta.com\/blog\/politica-privacidad\/","og_locale":"es_ES","og_type":"article","og_title":"Pol\u00edtica de Privacidad - Nexo Centros Veterinarios Huelva","og_description":"Pol\u00edtica de Privacidad Pol\u00edtica de privacidad Esta pol\u00edtica de privacidad establece c\u00f3mo vetpunta.com utiliza y protege cualquier informaci\u00f3n que otorgas a vetpunta.com cuando usas este sitio web. Vetpunta.com se compromete a garantizar la protecci\u00f3n de tu privacidad. Si le pedimos que proporcione cierta informaci\u00f3n mediante la cual puede ser identificado al utilizar este sitio web, &hellip; Continuar leyendo \"Pol\u00edtica de Privacidad\"","og_url":"https:\/\/vetpunta.com\/blog\/politica-privacidad\/","og_site_name":"Nexo Centros Veterinarios Huelva","article_publisher":"https:\/\/www.facebook.com\/nexopunta\/","article_modified_time":"2017-12-16T09:16:05+00:00","twitter_card":"summary_large_image","twitter_site":"@NexoPunta","twitter_misc":{"Tiempo de lectura":"5 minutos"},"schema":{"@context":"https:\/\/schema.org","@graph":[{"@type":"WebPage","@id":"https:\/\/vetpunta.com\/blog\/politica-privacidad\/","url":"https:\/\/vetpunta.com\/blog\/politica-privacidad\/","name":"Pol\u00edtica de Privacidad - Nexo Centros Veterinarios Huelva","isPartOf":{"@id":"https:\/\/vetpunta.com\/blog\/#website"},"datePublished":"2014-11-24T22:07:22+00:00","dateModified":"2017-12-16T09:16:05+00:00","breadcrumb":{"@id":"https:\/\/vetpunta.com\/blog\/politica-privacidad\/#breadcrumb"},"inLanguage":"es","potentialAction":[{"@type":"ReadAction","target":["https:\/\/vetpunta.com\/blog\/politica-privacidad\/"]}]},{"@type":"BreadcrumbList","@id":"https:\/\/vetpunta.com\/blog\/politica-privacidad\/#breadcrumb","itemListElement":[{"@type":"ListItem","position":1,"name":"Portada","item":"https:\/\/vetpunta.com\/blog\/"},{"@type":"ListItem","position":2,"name":"Pol\u00edtica de Privacidad"}]},{"@type":"WebSite","@id":"https:\/\/vetpunta.com\/blog\/#website","url":"https:\/\/vetpunta.com\/blog\/","name":"Nexo Centros Veterinarios Huelva","description":"Nexo Punta\/Nexo Huelva","publisher":{"@id":"https:\/\/vetpunta.com\/blog\/#organization"},"potentialAction":[{"@type":"SearchAction","target":{"@type":"EntryPoint","urlTemplate":"https:\/\/vetpunta.com\/blog\/?s={search_term_string}"},"query-input":{"@type":"PropertyValueSpecification","valueRequired":true,"valueName":"search_term_string"}}],"inLanguage":"es"},{"@type":"Organization","@id":"https:\/\/vetpunta.com\/blog\/#organization","name":"vethome,s.l.","url":"https:\/\/vetpunta.com\/blog\/","logo":{"@type":"ImageObject","inLanguage":"es","@id":"https:\/\/vetpunta.com\/blog\/#\/schema\/logo\/image\/","url":"https:\/\/vetpunta.com\/blog\/wp-content\/uploads\/2015\/08\/LOGO-PUNTA-10741.png","contentUrl":"https:\/\/vetpunta.com\/blog\/wp-content\/uploads\/2015\/08\/LOGO-PUNTA-10741.png","width":1074,"height":167,"caption":"vethome,s.l."},"image":{"@id":"https:\/\/vetpunta.com\/blog\/#\/schema\/logo\/image\/"},"sameAs":["https:\/\/www.facebook.com\/nexopunta\/","https:\/\/x.com\/NexoPunta","https:\/\/www.linkedin.com\/in\/fausto-andres-funez\/","https:\/\/www.pinterest.es\/nexohuelva\/","https:\/\/www.youtube.com\/channel\/UCXs2Cr0pFHwb-fUKxvOtsug"]}]}},"_links":{"self":[{"href":"https:\/\/vetpunta.com\/blog\/wp-json\/wp\/v2\/pages\/362","targetHints":{"allow":["GET"]}}],"collection":[{"href":"https:\/\/vetpunta.com\/blog\/wp-json\/wp\/v2\/pages"}],"about":[{"href":"https:\/\/vetpunta.com\/blog\/wp-json\/wp\/v2\/types\/page"}],"author":[{"embeddable":true,"href":"https:\/\/vetpunta.com\/blog\/wp-json\/wp\/v2\/users\/1"}],"replies":[{"embeddable":true,"href":"https:\/\/vetpunta.com\/blog\/wp-json\/wp\/v2\/comments?post=362"}],"version-history":[{"count":6,"href":"https:\/\/vetpunta.com\/blog\/wp-json\/wp\/v2\/pages\/362\/revisions"}],"predecessor-version":[{"id":372,"href":"https:\/\/vetpunta.com\/blog\/wp-json\/wp\/v2\/pages\/362\/revisions\/372"}],"wp:attachment":[{"href":"https:\/\/vetpunta.com\/blog\/wp-json\/wp\/v2\/media?parent=362"}],"curies":[{"name":"wp","href":"https:\/\/api.w.org\/{rel}","templated":true}]}}