{"id":367,"date":"2014-11-25T00:07:22","date_gmt":"2014-11-24T22:07:22","guid":{"rendered":"http:\/\/vetpunta.com\/blog\/politica-de-privacidad\/"},"modified":"2017-12-16T11:28:54","modified_gmt":"2017-12-16T09:28:54","slug":"renuncia","status":"publish","type":"page","link":"https:\/\/vetpunta.com\/blog\/renuncia\/","title":{"rendered":"Renuncia"},"content":{"rendered":"<div id=\"pbuilder_wrapper\">\n<div id=\"pbuilder_content_wrapper\">\n<div id=\"pbuilder_content\">\n<div data-rowtype=\"0\" data-rowid=\"0\" style=\"\" class=\"pbuilder_row pbuilder_row_id_0\">\n<div  class=\"pbuilder_row_colwrapper\" style=\"padding:0px 0px 0px 0px;\" >\n<div data-colnumber=\"0\" class=\"pbuilder_column pbuilder_column-1-1\">\n<div class=\"pbuilder_column_background\" style=\" background-color: ; \"><\/div>\n<div style=\"\" class=\" pbuilder_column_inner pbuilder_droppable\" >\n<div class=\"pbuilder_module\" data-shortcode=\"text\" data-modid=\"1\">\n<style type=\"text\/css\" scoped=\"scoped\">\n    #frb_text_926825489, #frb_text_926825489 *{letter-spacing:0px;}\n    #frb_text_926825489 a{color: #444444;}\n    #frb_text_926825489 a:hover{color: #444444;}<\/style>\n<style type=\"text\/css\" scoped=\"scoped\">#frb_text_926825489.frb_onScreen.frb_animated {-webkit-animation-duration: 1000ms; animation-duration: 1000ms;}#frb_text_926825489.frb_onScreen.frb_hinge {-webkit-animation-duration: 2000ms; animation-duration: 2000ms;}<\/style>\n<div id=\"frb_text_926825489\" class=\"\" style=\"margin:0px 0px 36px 0px;padding:0px 0px 0px 0px;border:none;text-align:left;\">\n<div class=\"frb_text\" style=\"color:#444444;\">\n<h1 style=\"text-align: center;\"><span style=\"color: #ff0000;\">Renuncia<\/span><\/h1>\n<\/div>\n<\/div>\n<\/div>\n<\/div>\n<\/div>\n<div style=\"clear:both;\"><\/div>\n<\/div>\n<\/div>\n<style><\/style>\n<div data-rowtype=\"0\" data-rowid=\"1\" style=\"\" class=\"pbuilder_row pbuilder_row_id_1\">\n<div  class=\"pbuilder_row_colwrapper\" style=\"padding:0px 0px 0px 0px;\" >\n<div data-colnumber=\"0\" class=\"pbuilder_column pbuilder_column-1-1\">\n<div class=\"pbuilder_column_background\" style=\" background-color: ; \"><\/div>\n<div style=\"\" class=\" pbuilder_column_inner pbuilder_droppable\" >\n<div class=\"pbuilder_module\" data-shortcode=\"text\" data-modid=\"2\">\n<style type=\"text\/css\" scoped=\"scoped\">\n    #frb_text_951654167, #frb_text_951654167 *{letter-spacing:0px;}\n    #frb_text_951654167 a{color: #444444;}\n    #frb_text_951654167 a:hover{color: #444444;}<\/style>\n<style type=\"text\/css\" scoped=\"scoped\">#frb_text_951654167.frb_onScreen.frb_animated {-webkit-animation-duration: 1000ms; animation-duration: 1000ms;}#frb_text_951654167.frb_onScreen.frb_hinge {-webkit-animation-duration: 2000ms; animation-duration: 2000ms;}<\/style>\n<div id=\"frb_text_951654167\" class=\"\" style=\"margin:0px 0px 36px 0px;padding:0px 0px 0px 0px;border:none;text-align:left;\">\n<div class=\"frb_text\" style=\"color:#444444;\">\n<div id=\"ib2_el_imBxUpfF\" class=\"container ib2-section-el\" data-el=\"section\" data-border-type=\"single\" data-animation=\"none\" data-delay=\"none\" data-img-mode=\"upload\">\n<div class=\"el-content el-cols\">\n<div id=\"ib2_el_imBxUpfF-box\" class=\"ib2-section-content\">\n<div id=\"ib2_el_9mr1lwun\" class=\"ib2-content-el ib2-text-el\" spellcheck=\"false\" data-animation=\"none\" data-shadow=\"none\" data-el=\"text\">\n<h2 style=\"text-align: left;\">Renuncia<\/h2>\n<p>La informaci\u00f3n contenida en este sitio web es s\u00f3lo para prop\u00f3sitos de informaci\u00f3n general. La informaci\u00f3n es proporcionada por vetpunta.com y mientras nos esforzamos por mantener la informaci\u00f3n actualizada y correcta, no hacemos representaciones ni garant\u00edas de ning\u00fan tipo, expresas o impl\u00edcitas, sobre la integridad, exactitud, fiabilidad, idoneidad o disponibilidad con respecto a el sitio web o la informaci\u00f3n, productos, servicios o gr\u00e1ficos relacionados contenidos en el sitio web para cualquier prop\u00f3sito. Cualquier confianza que usted deposite en dicha informaci\u00f3n es, por lo tanto, estrictamente bajo su propio riesgo.<\/p>\n<p>En ning\u00fan caso seremos responsables de ninguna p\u00e9rdida o da\u00f1o, incluyendo, sin limitaci\u00f3n, p\u00e9rdida o da\u00f1o indirecto o consecuencial, o cualquier p\u00e9rdida o da\u00f1o que se derive de la p\u00e9rdida de datos o beneficios derivados de o relacionados con el uso de este sitio web .<\/p>\n<p>A trav\u00e9s de este sitio web podr\u00e1 enlazar con otros sitios web que no est\u00e9n bajo el control de vetpunta.com. No tenemos control sobre la naturaleza, el contenido y la disponibilidad de esos sitios. La inclusi\u00f3n de cualquier v\u00ednculo no implica necesariamente una recomendaci\u00f3n ni respalda las opiniones expresadas en ellos.<\/p>\n<p>Se hace todo lo posible para mantener el sitio web funcionando sin problemas. Sin embargo, vetpunta.com no asume ninguna responsabilidad por, y no ser\u00e1 responsable por, que el sitio web est\u00e9 temporalmente indisponible debido a problemas t\u00e9cnicos fuera de nuestro control.<\/p>\n<\/div>\n<\/div>\n<\/div>\n<\/div>\n<\/div>\n<\/div>\n<\/div>\n<\/div>\n<\/div>\n<div style=\"clear:both;\"><\/div>\n<\/div>\n<\/div>\n<style><\/style>\n<div data-rowtype=\"0\" data-rowid=\"3\" style=\"border:none;\" class=\"pbuilder_row pbuilder_row_id_3\">\n<div  class=\"pbuilder_row_colwrapper\" style=\"padding:0px 0px 0px 0px;\" >\n<div data-colnumber=\"0\" class=\"pbuilder_column pbuilder_column-1-1\">\n<div class=\"pbuilder_column_background\" style=\"border:none; background-color: ; \"><\/div>\n<div style=\"padding:0px 0px 0px 0px;\" class=\" pbuilder_column_inner pbuilder_droppable\" >\n<div class=\"pbuilder_module\" data-shortcode=\"text\" data-modid=\"4\">\n<style type=\"text\/css\" scoped=\"scoped\">\n    #frb_text_676182595, #frb_text_676182595 *{letter-spacing:0px;}\n    #frb_text_676182595 a{color: #000000;}\n    #frb_text_676182595 a:hover{color: #444444;}<\/style>\n<style type=\"text\/css\" scoped=\"scoped\">#frb_text_676182595.frb_onScreen.frb_animated {-webkit-animation-duration: 1000ms; animation-duration: 1000ms;}#frb_text_676182595.frb_onScreen.frb_hinge {-webkit-animation-duration: 2000ms; animation-duration: 2000ms;}<\/style>\n<div id=\"frb_text_676182595\" class=\"\" style=\"margin:0px 0px 36px 0px;padding:0px 0px 0px 0px;border:none;text-align:center;\">\n<div class=\"frb_text\" style=\"color:#000000;\">Copyright 2017 \u00a9 Vetpunta.com All Rights Reserved. <span style=\"color: #3366ff;\"><a style=\"color: #3366ff;\" href=\"http:\/\/vetpunta.com\/blog\/politica-privacidad\">Pol\u00edtica de Privacidad<\/a>. <a style=\"color: #3366ff;\" href=\"http:\/\/vetpunta.com\/blog\/renuncia\">Renuncia<\/a>. <a style=\"color: #3366ff;\" href=\"http:\/\/vetpunta.com\/blog\/teminos-de-servicio\">T\u00e9rminos de servicio<\/a><\/span><\/div>\n<\/div>\n<\/div>\n<\/div>\n<\/div>\n<div style=\"clear:both;\"><\/div>\n<\/div>\n<\/div>\n<style><\/style>\n<\/p><\/div>\n<div style=\"clear:both\"><\/div>\n<\/p><\/div>\n<div style=\"clear:both\"><\/div>\n<\/p><\/div>\n","protected":false},"excerpt":{"rendered":"<p>Renuncia Renuncia La informaci\u00f3n contenida en este sitio web es s\u00f3lo para prop\u00f3sitos de informaci\u00f3n general. La informaci\u00f3n es proporcionada por vetpunta.com y mientras nos esforzamos por mantener la informaci\u00f3n actualizada y correcta, no hacemos representaciones ni garant\u00edas de ning\u00fan tipo, expresas o impl\u00edcitas, sobre la integridad, exactitud, fiabilidad, idoneidad o disponibilidad con respecto a &hellip; <\/p>\n<p class=\"link-more\"><a href=\"https:\/\/vetpunta.com\/blog\/renuncia\/\" class=\"more-link\">Continuar leyendo<span class=\"screen-reader-text\"> \u00abRenuncia\u00bb<\/span><\/a><\/p>\n","protected":false},"author":1,"featured_media":0,"parent":0,"menu_order":0,"comment_status":"open","ping_status":"open","template":"","meta":{"footnotes":""},"class_list":["post-367","page","type-page","status-publish","hentry"],"yoast_head":"<!-- This site is optimized with the Yoast SEO plugin v24.7 - https:\/\/yoast.com\/wordpress\/plugins\/seo\/ -->\n<title>Renuncia - Nexo Centros Veterinarios Huelva<\/title>\n<meta name=\"robots\" content=\"index, follow, max-snippet:-1, max-image-preview:large, max-video-preview:-1\" \/>\n<link rel=\"canonical\" href=\"https:\/\/vetpunta.com\/blog\/renuncia\/\" \/>\n<meta property=\"og:locale\" content=\"es_ES\" \/>\n<meta property=\"og:type\" content=\"article\" \/>\n<meta property=\"og:title\" content=\"Renuncia - Nexo Centros Veterinarios Huelva\" \/>\n<meta property=\"og:description\" content=\"Renuncia Renuncia La informaci\u00f3n contenida en este sitio web es s\u00f3lo para prop\u00f3sitos de informaci\u00f3n general. La informaci\u00f3n es proporcionada por vetpunta.com y mientras nos esforzamos por mantener la informaci\u00f3n actualizada y correcta, no hacemos representaciones ni garant\u00edas de ning\u00fan tipo, expresas o impl\u00edcitas, sobre la integridad, exactitud, fiabilidad, idoneidad o disponibilidad con respecto a &hellip; Continuar leyendo &quot;Renuncia&quot;\" \/>\n<meta property=\"og:url\" content=\"https:\/\/vetpunta.com\/blog\/renuncia\/\" \/>\n<meta property=\"og:site_name\" content=\"Nexo Centros Veterinarios Huelva\" \/>\n<meta property=\"article:publisher\" content=\"https:\/\/www.facebook.com\/nexopunta\/\" \/>\n<meta property=\"article:modified_time\" content=\"2017-12-16T09:28:54+00:00\" \/>\n<meta name=\"twitter:card\" content=\"summary_large_image\" \/>\n<meta name=\"twitter:site\" content=\"@NexoPunta\" \/>\n<meta name=\"twitter:label1\" content=\"Tiempo de lectura\" \/>\n\t<meta name=\"twitter:data1\" content=\"1 minuto\" \/>\n<script type=\"application\/ld+json\" class=\"yoast-schema-graph\">{\"@context\":\"https:\/\/schema.org\",\"@graph\":[{\"@type\":\"WebPage\",\"@id\":\"https:\/\/vetpunta.com\/blog\/renuncia\/\",\"url\":\"https:\/\/vetpunta.com\/blog\/renuncia\/\",\"name\":\"Renuncia - Nexo Centros Veterinarios Huelva\",\"isPartOf\":{\"@id\":\"https:\/\/vetpunta.com\/blog\/#website\"},\"datePublished\":\"2014-11-24T22:07:22+00:00\",\"dateModified\":\"2017-12-16T09:28:54+00:00\",\"breadcrumb\":{\"@id\":\"https:\/\/vetpunta.com\/blog\/renuncia\/#breadcrumb\"},\"inLanguage\":\"es\",\"potentialAction\":[{\"@type\":\"ReadAction\",\"target\":[\"https:\/\/vetpunta.com\/blog\/renuncia\/\"]}]},{\"@type\":\"BreadcrumbList\",\"@id\":\"https:\/\/vetpunta.com\/blog\/renuncia\/#breadcrumb\",\"itemListElement\":[{\"@type\":\"ListItem\",\"position\":1,\"name\":\"Portada\",\"item\":\"https:\/\/vetpunta.com\/blog\/\"},{\"@type\":\"ListItem\",\"position\":2,\"name\":\"Renuncia\"}]},{\"@type\":\"WebSite\",\"@id\":\"https:\/\/vetpunta.com\/blog\/#website\",\"url\":\"https:\/\/vetpunta.com\/blog\/\",\"name\":\"Nexo Centros Veterinarios Huelva\",\"description\":\"Nexo Punta\/Nexo Huelva\",\"publisher\":{\"@id\":\"https:\/\/vetpunta.com\/blog\/#organization\"},\"potentialAction\":[{\"@type\":\"SearchAction\",\"target\":{\"@type\":\"EntryPoint\",\"urlTemplate\":\"https:\/\/vetpunta.com\/blog\/?s={search_term_string}\"},\"query-input\":{\"@type\":\"PropertyValueSpecification\",\"valueRequired\":true,\"valueName\":\"search_term_string\"}}],\"inLanguage\":\"es\"},{\"@type\":\"Organization\",\"@id\":\"https:\/\/vetpunta.com\/blog\/#organization\",\"name\":\"vethome,s.l.\",\"url\":\"https:\/\/vetpunta.com\/blog\/\",\"logo\":{\"@type\":\"ImageObject\",\"inLanguage\":\"es\",\"@id\":\"https:\/\/vetpunta.com\/blog\/#\/schema\/logo\/image\/\",\"url\":\"https:\/\/vetpunta.com\/blog\/wp-content\/uploads\/2015\/08\/LOGO-PUNTA-10741.png\",\"contentUrl\":\"https:\/\/vetpunta.com\/blog\/wp-content\/uploads\/2015\/08\/LOGO-PUNTA-10741.png\",\"width\":1074,\"height\":167,\"caption\":\"vethome,s.l.\"},\"image\":{\"@id\":\"https:\/\/vetpunta.com\/blog\/#\/schema\/logo\/image\/\"},\"sameAs\":[\"https:\/\/www.facebook.com\/nexopunta\/\",\"https:\/\/x.com\/NexoPunta\",\"https:\/\/www.linkedin.com\/in\/fausto-andres-funez\/\",\"https:\/\/www.pinterest.es\/nexohuelva\/\",\"https:\/\/www.youtube.com\/channel\/UCXs2Cr0pFHwb-fUKxvOtsug\"]}]}<\/script>\n<!-- \/ Yoast SEO plugin. -->","yoast_head_json":{"title":"Renuncia - Nexo Centros Veterinarios Huelva","robots":{"index":"index","follow":"follow","max-snippet":"max-snippet:-1","max-image-preview":"max-image-preview:large","max-video-preview":"max-video-preview:-1"},"canonical":"https:\/\/vetpunta.com\/blog\/renuncia\/","og_locale":"es_ES","og_type":"article","og_title":"Renuncia - Nexo Centros Veterinarios Huelva","og_description":"Renuncia Renuncia La informaci\u00f3n contenida en este sitio web es s\u00f3lo para prop\u00f3sitos de informaci\u00f3n general. La informaci\u00f3n es proporcionada por vetpunta.com y mientras nos esforzamos por mantener la informaci\u00f3n actualizada y correcta, no hacemos representaciones ni garant\u00edas de ning\u00fan tipo, expresas o impl\u00edcitas, sobre la integridad, exactitud, fiabilidad, idoneidad o disponibilidad con respecto a &hellip; Continuar leyendo \"Renuncia\"","og_url":"https:\/\/vetpunta.com\/blog\/renuncia\/","og_site_name":"Nexo Centros Veterinarios Huelva","article_publisher":"https:\/\/www.facebook.com\/nexopunta\/","article_modified_time":"2017-12-16T09:28:54+00:00","twitter_card":"summary_large_image","twitter_site":"@NexoPunta","twitter_misc":{"Tiempo de lectura":"1 minuto"},"schema":{"@context":"https:\/\/schema.org","@graph":[{"@type":"WebPage","@id":"https:\/\/vetpunta.com\/blog\/renuncia\/","url":"https:\/\/vetpunta.com\/blog\/renuncia\/","name":"Renuncia - Nexo Centros Veterinarios Huelva","isPartOf":{"@id":"https:\/\/vetpunta.com\/blog\/#website"},"datePublished":"2014-11-24T22:07:22+00:00","dateModified":"2017-12-16T09:28:54+00:00","breadcrumb":{"@id":"https:\/\/vetpunta.com\/blog\/renuncia\/#breadcrumb"},"inLanguage":"es","potentialAction":[{"@type":"ReadAction","target":["https:\/\/vetpunta.com\/blog\/renuncia\/"]}]},{"@type":"BreadcrumbList","@id":"https:\/\/vetpunta.com\/blog\/renuncia\/#breadcrumb","itemListElement":[{"@type":"ListItem","position":1,"name":"Portada","item":"https:\/\/vetpunta.com\/blog\/"},{"@type":"ListItem","position":2,"name":"Renuncia"}]},{"@type":"WebSite","@id":"https:\/\/vetpunta.com\/blog\/#website","url":"https:\/\/vetpunta.com\/blog\/","name":"Nexo Centros Veterinarios Huelva","description":"Nexo Punta\/Nexo Huelva","publisher":{"@id":"https:\/\/vetpunta.com\/blog\/#organization"},"potentialAction":[{"@type":"SearchAction","target":{"@type":"EntryPoint","urlTemplate":"https:\/\/vetpunta.com\/blog\/?s={search_term_string}"},"query-input":{"@type":"PropertyValueSpecification","valueRequired":true,"valueName":"search_term_string"}}],"inLanguage":"es"},{"@type":"Organization","@id":"https:\/\/vetpunta.com\/blog\/#organization","name":"vethome,s.l.","url":"https:\/\/vetpunta.com\/blog\/","logo":{"@type":"ImageObject","inLanguage":"es","@id":"https:\/\/vetpunta.com\/blog\/#\/schema\/logo\/image\/","url":"https:\/\/vetpunta.com\/blog\/wp-content\/uploads\/2015\/08\/LOGO-PUNTA-10741.png","contentUrl":"https:\/\/vetpunta.com\/blog\/wp-content\/uploads\/2015\/08\/LOGO-PUNTA-10741.png","width":1074,"height":167,"caption":"vethome,s.l."},"image":{"@id":"https:\/\/vetpunta.com\/blog\/#\/schema\/logo\/image\/"},"sameAs":["https:\/\/www.facebook.com\/nexopunta\/","https:\/\/x.com\/NexoPunta","https:\/\/www.linkedin.com\/in\/fausto-andres-funez\/","https:\/\/www.pinterest.es\/nexohuelva\/","https:\/\/www.youtube.com\/channel\/UCXs2Cr0pFHwb-fUKxvOtsug"]}]}},"_links":{"self":[{"href":"https:\/\/vetpunta.com\/blog\/wp-json\/wp\/v2\/pages\/367","targetHints":{"allow":["GET"]}}],"collection":[{"href":"https:\/\/vetpunta.com\/blog\/wp-json\/wp\/v2\/pages"}],"about":[{"href":"https:\/\/vetpunta.com\/blog\/wp-json\/wp\/v2\/types\/page"}],"author":[{"embeddable":true,"href":"https:\/\/vetpunta.com\/blog\/wp-json\/wp\/v2\/users\/1"}],"replies":[{"embeddable":true,"href":"https:\/\/vetpunta.com\/blog\/wp-json\/wp\/v2\/comments?post=367"}],"version-history":[{"count":4,"href":"https:\/\/vetpunta.com\/blog\/wp-json\/wp\/v2\/pages\/367\/revisions"}],"predecessor-version":[{"id":377,"href":"https:\/\/vetpunta.com\/blog\/wp-json\/wp\/v2\/pages\/367\/revisions\/377"}],"wp:attachment":[{"href":"https:\/\/vetpunta.com\/blog\/wp-json\/wp\/v2\/media?parent=367"}],"curies":[{"name":"wp","href":"https:\/\/api.w.org\/{rel}","templated":true}]}}